{"id":2,"date":"2020-03-18T10:44:34","date_gmt":"2020-03-18T10:44:34","guid":{"rendered":"https:\/\/ehrensache-konz.de\/?page_id=2"},"modified":"2023-12-06T18:16:45","modified_gmt":"2023-12-06T18:16:45","slug":"sample-page","status":"publish","type":"page","link":"https:\/\/www.ehrensache-konz.de\/","title":{"rendered":"Mitmachen? Ehrensache!"},"content":{"rendered":"\n<h4><em>\u201eEhrensache Konz\u201c<\/em> ist die zentrale Anlauf- und Auskunftsstelle f\u00fcr ehrenamtliches Engagement in der Verbandsgemeinde Konz. Hier werden die Anfragen der Hilfesuchenden und die Kompetenzen und Angebote der Aktiven geb\u00fcndelt und f\u00fcr alle Bed\u00fcrftigen nutzbar gemacht.<\/h4>\n<h4>Mit einem Klick auf die untenstehenden Bilder geht\u00b4s direkt zu den Anfrageformularen in unserem Online-Portal.<\/h4>\n<table style=\"border-collapse: collapse; width: 100%;\">\n<tbody>\n<tr>\n<td style=\"width: 30%;\"><a href=\"https:\/\/www.freinet-online.de\/forum\/register_extern.php?assign_to_agid=1136&amp;assign_to_group=6\"><img loading=\"lazy\" decoding=\"async\" class=\"aligncenter wp-image-301 size-full\" src=\"https:\/\/www.ehrensache-konz.de\/wp-content\/uploads\/2020\/04\/Button-Privat-bietet.jpg\" alt=\"\" width=\"602\" height=\"602\" srcset=\"https:\/\/www.ehrensache-konz.de\/wp-content\/uploads\/2020\/04\/Button-Privat-bietet.jpg 602w, https:\/\/www.ehrensache-konz.de\/wp-content\/uploads\/2020\/04\/Button-Privat-bietet-300x300.jpg 300w, https:\/\/www.ehrensache-konz.de\/wp-content\/uploads\/2020\/04\/Button-Privat-bietet-150x150.jpg 150w\" sizes=\"auto, (max-width: 602px) 100vw, 602px\" \/><\/a><\/td>\n<td style=\"width: 5%;\">\u00a0<\/td>\n<td style=\"width: 30%;\"><a href=\"https:\/\/www.freinet-online.de\/forum\/submit_organisation.php?assign_to_agid=1136&amp;assign_to_orga=latest&amp;assign_to_priority=corona_private\"><img loading=\"lazy\" decoding=\"async\" class=\"aligncenter wp-image-300 size-full\" src=\"https:\/\/www.ehrensache-konz.de\/wp-content\/uploads\/2020\/04\/Privat-braucht.jpg\" alt=\"\" width=\"602\" height=\"602\" srcset=\"https:\/\/www.ehrensache-konz.de\/wp-content\/uploads\/2020\/04\/Privat-braucht.jpg 602w, https:\/\/www.ehrensache-konz.de\/wp-content\/uploads\/2020\/04\/Privat-braucht-300x300.jpg 300w, https:\/\/www.ehrensache-konz.de\/wp-content\/uploads\/2020\/04\/Privat-braucht-150x150.jpg 150w\" sizes=\"auto, (max-width: 602px) 100vw, 602px\" \/><\/a><\/td>\n<td style=\"width: 5%;\">\u00a0<\/td>\n<td style=\"width: 30%;\"><a href=\"https:\/\/www.freinet-online.de\/forum\/submit_organisation.php?assign_to_agid=1136&amp;assign_to_orga=latest&amp;assign_to_priority=corona_institution\"><img loading=\"lazy\" decoding=\"async\" class=\"aligncenter wp-image-314 size-full\" src=\"https:\/\/www.ehrensache-konz.de\/wp-content\/uploads\/2020\/04\/Button-Institution-braucht-2.jpg\" alt=\"\" width=\"602\" height=\"602\" srcset=\"https:\/\/www.ehrensache-konz.de\/wp-content\/uploads\/2020\/04\/Button-Institution-braucht-2.jpg 602w, https:\/\/www.ehrensache-konz.de\/wp-content\/uploads\/2020\/04\/Button-Institution-braucht-2-300x300.jpg 300w, https:\/\/www.ehrensache-konz.de\/wp-content\/uploads\/2020\/04\/Button-Institution-braucht-2-150x150.jpg 150w\" sizes=\"auto, (max-width: 602px) 100vw, 602px\" \/><\/a><\/td>\n<\/tr>\n<\/tbody>\n<\/table>\n<h4>Unser Serviceb\u00fcro erreichen Sie rund um die Uhr per Mail unter <a href=\"mailto:info@ehrensache-konz.de\" target=\"_blank\" rel=\"noopener noreferrer\">info@ehrensache-konz.de<\/a><\/h4>\n\n\n\n<p><\/p>\n","protected":false},"excerpt":{"rendered":"<p>\u201eEhrensache Konz\u201c ist die zentrale Anlauf- und Auskunftsstelle f\u00fcr ehrenamtliches Engagement in der Verbandsgemeinde Konz. Hier werden die Anfragen der Hilfesuchenden und die Kompetenzen und Angebote der Aktiven geb\u00fcndelt und f\u00fcr alle Bed\u00fcrftigen nutzbar gemacht. Mit einem Klick auf die untenstehenden Bilder geht\u00b4s direkt zu den Anfrageformularen in unserem Online-Portal. \u00a0 \u00a0 Unser Serviceb\u00fcro erreichen <a class=\"read-more\" href=\"https:\/\/www.ehrensache-konz.de\/\">... weiterlesen <span class=\"meta-nav\">&rarr;<\/span><\/a><\/p>\n","protected":false},"author":1,"featured_media":0,"parent":0,"menu_order":0,"comment_status":"closed","ping_status":"open","template":"","meta":{"footnotes":""},"class_list":["post-2","page","type-page","status-publish","hentry"],"_links":{"self":[{"href":"https:\/\/www.ehrensache-konz.de\/index.php\/wp-json\/wp\/v2\/pages\/2","targetHints":{"allow":["GET"]}}],"collection":[{"href":"https:\/\/www.ehrensache-konz.de\/index.php\/wp-json\/wp\/v2\/pages"}],"about":[{"href":"https:\/\/www.ehrensache-konz.de\/index.php\/wp-json\/wp\/v2\/types\/page"}],"author":[{"embeddable":true,"href":"https:\/\/www.ehrensache-konz.de\/index.php\/wp-json\/wp\/v2\/users\/1"}],"replies":[{"embeddable":true,"href":"https:\/\/www.ehrensache-konz.de\/index.php\/wp-json\/wp\/v2\/comments?post=2"}],"version-history":[{"count":82,"href":"https:\/\/www.ehrensache-konz.de\/index.php\/wp-json\/wp\/v2\/pages\/2\/revisions"}],"predecessor-version":[{"id":377,"href":"https:\/\/www.ehrensache-konz.de\/index.php\/wp-json\/wp\/v2\/pages\/2\/revisions\/377"}],"wp:attachment":[{"href":"https:\/\/www.ehrensache-konz.de\/index.php\/wp-json\/wp\/v2\/media?parent=2"}],"curies":[{"name":"wp","href":"https:\/\/api.w.org\/{rel}","templated":true}]}}